{"id":210,"date":"2021-10-13T15:08:51","date_gmt":"2021-10-13T13:08:51","guid":{"rendered":"https:\/\/kwig.wnaft.agh.edu.pl\/?page_id=210"},"modified":"2021-10-25T12:06:51","modified_gmt":"2021-10-25T10:06:51","slug":"prowadzone-projekty","status":"publish","type":"page","link":"https:\/\/kwig.wnaft.agh.edu.pl\/index.php\/prowadzone-projekty\/","title":{"rendered":"Prowadzone projekty"},"content":{"rendered":"\n<p class=\"has-text-align-center\"><strong>Zrealizowane prace naukowo-badawcze<\/strong><\/p>\n\n\n\n<p id=\"block-5aa032c5-3ea6-4199-89a1-00cd077dbabf\">Katedra Wiertnictwa i Geoin\u017cynierii w strukturze Wydzia\u0142u Wiertnictwa, Nafty i Gazu kontynuuje i prowadzi dzia\u0142alno\u015b\u0107 dydaktyczn\u0105 i naukowo-badawcz\u0105 skupiaj\u0105c\u0105 si\u0119 na nast\u0119puj\u0105cych zagadnieniach:<\/p>\n\n\n\n<ol class=\"wp-block-list\" type=\"1\" id=\"block-ef1258a2-0bc5-46c9-a9f7-ec3798ae3c59\"><li>Projektowania naftowych otwor\u00f3w wiertniczych: poszukiwawczych, rozpoznawczych, badawczych, eksploatacyjnych z&nbsp;uwzgl\u0119dnieniem otwor\u00f3w kierunkowych;<\/li><li>Techniki i technologii wierce\u0144 wykonywanych dla potrzeb g\u00f3rnictwa podziemnego, odkrywkowego i skalnego;<\/li><li>Projektowania i doboru technologii wierce\u0144 hydrogeologicznych i studziennych;<\/li><li>Projektowanie otwor\u00f3w dla potrzeb podziemnego magazynowania substancji p\u0142ynnych;<\/li><li>Nowoczesnych technik i technologii bezwykopowych;<\/li><li>Mechaniki zwiercania ska\u0142;<\/li><li>Optymalizacji parametr\u00f3w technologii wiercenia otwor\u00f3w;<\/li><li>Doboru \u015brodk\u00f3w chemicznych i opracowania receptur p\u0142uczek i cieczy roboczych oraz doboru metod oczyszczania p\u0142uczek wiertniczych;<\/li><li>Opracowania receptur zaczyn\u00f3w uszczelniaj\u0105cych stosowanych w wiertnictwie, w geotechnice, hydrotechnice i geoenergetyce;<\/li><li>Geoin\u017cynieryjnych metod wzmacniania i uszczelniania g\u00f3rotworu, stabilizacji skarp i zboczy;<\/li><li>Badania reologii p\u0142yn\u00f3w wiertniczych;<\/li><li>Interpretacja opr\u00f3bowa\u0144 warstw ropo-, gazo- i wodono\u015bnych rurowymi pr\u00f3bnikami z\u0142o\u017ca;<\/li><li>Interpretacja intensyfikacji przyp\u0142ywu p\u0142ynu z\u0142o\u017cowego po odwierceniu ska\u0142y zbiornikowej;<\/li><li>Opracowania sposob\u00f3w udost\u0119pniania energii geotermicznej poprzez otwory geotermalne i otworowe wymienniki ciep\u0142a, a tak\u017ce magazynowania ciep\u0142a w g\u00f3rotworze;<\/li><li>Ochrony \u015brodowiska w udost\u0119pnianiu i u\u017cytkowaniu surowc\u00f3w mineralnych i&nbsp;energetycznych;<\/li><li>Unieszkodliwianie i zagospodarowanie odpad\u00f3w wiertniczych i cieczy pozabiegowych powstaj\u0105cych podczas wierce\u0144 zar\u00f3wno w warunkach l\u0105dowych jak i morskich;<\/li><li>Badania i projektowania wiertniczych system\u00f3w wyci\u0105gowych, podzespo\u0142\u00f3w urz\u0105dze\u0144 i maszyn wiertniczych dla wierce\u0144 l\u0105dowych i morskich oraz narz\u0119dzi, element\u00f3w przewodu, osprz\u0119tu wiertniczego i wydobywczego.<\/li><\/ol>\n\n\n\n<p id=\"block-f4763ade-7192-46b7-a20f-cc94ea575cf5\">Ponadto pracownicy Katedry wykonuj\u0105 prace dotycz\u0105ce komputerowego oprogramowania w\/w zagadnie\u0144. W dyspozycji katedry, opr\u00f3cz w\u0142asnych oryginalnych program\u00f3w komputerowych, znajduj\u0105 si\u0119 komputerowe oprogramowanie wiertnicze firm Landmark i Schlumberger.<\/p>\n\n\n\n<p id=\"block-55ccb0dd-3c74-45c2-bdff-f7e3a537191e\">Opr\u00f3cz wymienionego obszaru dzia\u0142alno\u015bci naukowo \u2013 badawczej w Katedrze Wiertnictwa i Geoin\u017cynierii pracownicy wykonuj\u0105 r\u00f3wnie\u017c prace consultingowe i ekspertyzy z zakresu szeroko rozumianego doskonalenia i wprowadzania nowych technik i&nbsp;technologii w wiertnictwie i w geoin\u017cynierii, geoenergetyce a tak\u017ce zagospodarowaniu odpad\u00f3w wiertniczych.<\/p>\n\n\n\n<p id=\"block-2a57f286-f37b-403f-8e5f-207791175159\">W latach 2016-2020 w pracownicy Katedry byli kierownikami lub g\u0142\u00f3wnymi wykonawcami m.in.: 7 Um\u00f3w dla NCBIR, ESA, NFO\u015a; i 80 um\u00f3w z przemys\u0142em, ekspertyzy s\u0105dowych lub opinii na \u0142\u0105czn\u0105 kwot\u0119 ponad 36 mln. z\u0142otych brutto.<\/p>\n\n\n\n<p><\/p>\n\n\n\n<p>W Katedrze Wiertnictwa i Geoin\u017cynierii realizowane by\u0142y nast\u0119puj\u0105ce projekty badawcze:<\/p>\n\n\n\n<p><strong>1. Kompleksowe opracowanie prac ratunkowych i zabezpieczaj\u0105cych dla Kopalni Soli Wieliczka<\/strong><\/p>\n\n\n\n<p>Jest to jedno z najwa\u017cniejszych osi\u0105gni\u0119\u0107 KWiG Na prace te sk\u0142ada\u0142y si\u0119 nast\u0119puj\u0105ce zagadnienia zrealizowane w latach 2013-16:<\/p>\n\n\n\n<ul class=\"wp-block-list\"><li>Wykonanie projektu technologii likwidacji poziomu IX Kopalni Soli Wieliczka<\/li><li>Projekt techniczny likwidacji poprzeczni Mina na odcinku od tamy wodnej do tamy T-4 w Kopalni Soli Wieliczka.<\/li><li>Opracowanie technologii uszczelniania szyb\u00f3w g\u00f3rniczych przez Kopalni\u0119 Soli Wieliczka.<\/li><\/ul>\n\n\n\n<p>Niew\u0105tpliwie prace te przyczyni\u0142y si\u0119 do uratowania Kopalni przed zalaniem wodami s\u0142odkimi. Przedsi\u0119wzi\u0119cie to by\u0142o ogromnym wyzwaniem in\u017cynierskim co najmniej na skal\u0119 europejsk\u0105 jak nie \u015bwiatow\u0105.<\/p>\n\n\n\n<p>G\u0142\u00f3wni wykonawcy projektu na WWNiG: prof. dr hab. in\u017c. A. Gonet, <a href=\"mailto:gonet@agh.edu.pl\">gonet@agh.edu.pl<\/a>, prof. dr hab. in\u017c. Stanis\u0142aw Stryczek<\/p>\n\n\n\n<p>Okres realizacji projektu: 48 miesi\u0119cy.<\/p>\n\n\n\n<p><\/p>\n\n\n\n<p><strong>2. Blue Gas \u2013 Polski Gas \u0141upkowy, projekt pt. <em>\u201eOptymalizacja parametr\u00f3w wierce\u0144, w tym dob\u00f3r technologii wiercenia, narz\u0119dzi, p\u0142yn\u00f3w wiertniczych i cementownia otwor\u00f3w pionowych i horyzontalnych dla eksploatacji z\u0142\u00f3\u017c gazu \u0142upkowego\u201d \u2013 OPTIDRILLTEC.<\/em><\/strong><\/p>\n\n\n\n<p>Koordynator projektu: Polskie G\u00f3rnictwo Naftowe i Gazownictwo (PGNiG S.A.)<em><\/em><\/p>\n\n\n\n<p>Partnerzy projektu: Akademia G\u00f3rniczo-Hutnicza im. Stanis\u0142awa Staszica w Krakowie, Wydzia\u0142 Wiertnictwa, Nafty i Gazu, Katedra Wiertnictwa i Geoin\u017cynierii, Instytut Nafty i Gazu w Krakowie, Politechnika Warszawska, Wydzia\u0142 In\u017cynierii Materia\u0142owej.<em><\/em><\/p>\n\n\n\n<p>Kierownik projektu: Prof. dr hab. in\u017c. Rafa\u0142 Wi\u015bniowski, <a href=\"mailto:wisniows@agh.edu.pl\">wisniows@agh.edu.pl<\/a><em><\/em><\/p>\n\n\n\n<p>Okres realizacji projektu: 30 miesi\u0119cy.<\/p>\n\n\n\n<p>G\u0142\u00f3wnym celem prac prowadzonych w ramach projektu by\u0142o opracowanie technologii wiercenia pozwalaj\u0105cej na maksymalne obni\u017cenie koszt\u00f3w wykonania otworu wiertniczego, przy jednoczesnym zapewnieniu maksymalnego bezpiecze\u0144stwa procesu wiercenia jak i ochrony \u015brodowiska.<\/p>\n\n\n\n<p>&nbsp;&nbsp;&nbsp;&nbsp;&nbsp;&nbsp;&nbsp;&nbsp;&nbsp;&nbsp;&nbsp; Proces wiercenia w skorupie ziemskiej mo\u017ce by\u0107 przeprowadzony przy u\u017cyciu r\u00f3\u017cnych metod urabiania (mechanicznego, chemicznego, hydraulicznego, termicznego i innych). Na obecnym poziomie zaawansowania technicznego do urabiania ska\u0142y mo\u017cliwe jest tak\u017ce wykorzystanie: plazmy, impuls\u00f3w elektrycznych, metod urabiania hydraulicznego, metod strza\u0142owych czy innych metod wykorzystuj\u0105cych materia\u0142y wybuchowe. Ze wzgl\u0119du na wysokie zu\u017cycie energii oraz w niekt\u00f3rych przypadkach brak pe\u0142nej kontroli procesu urabiania, metody te nie mog\u0105 by\u0107 traktowane jako optymalne w procesie wiercenia otwor\u00f3w w \u0142upkach gazono\u015bnych. Na podstawie wieloletniego do\u015bwiadczenia i bada\u0144 przeprowadzanych na Wydziale Wiertnictwa, Nafty i Gazu Akademii G\u00f3rniczo-Hutniczej im. Stanis\u0142awa Staszica w Krakowie, jak r\u00f3wnie\u017c praktyk stosowanych w przemy\u015ble w innych krajach, na obecnym poziomie zaawansowania technicznego, wiercenie obrotowe z wykorzystaniem nap\u0119du g\u00f3rnego top drive oraz nap\u0119du wg\u0142\u0119bnego (PDM motors, turbine motors, electric well-drilling units) uznawane jest za metod\u0119 optymaln\u0105. Poprzez modernizacj\u0119 i optymalizacj\u0119 tej metody, koszt wiercenia otworu mo\u017ce zosta\u0107 zmniejszony w por\u00f3wnaniu do innych stosowanych obecnie technologii. Wed\u0142ug autor\u00f3w projektu cel ten mo\u017ce zosta\u0107 zrealizowany poprzez:<\/p>\n\n\n\n<ul class=\"wp-block-list\"><li>Zaprojektowanie i optymalizacj\u0119 konstrukcji otwor\u00f3w wiertniczych wierconych w celu udost\u0119pnienia gazu z \u0142upk\u00f3w, dla specyficznych warunk\u00f3w wyst\u0119puj\u0105cych w Basenie pomorskim, podlaskim i lubelskim.<\/li><li>Praktyczne zastosowanie nowo opracowanej technologii zaczyn\u00f3w cementowych.<\/li><li>Dob\u00f3r i optymalizacj\u0119 narz\u0119dzi wiertniczych, przewod\u00f3w wiertniczych wykorzystywanych do wiercenia odcink\u00f3w prostoliniowych jak i krzywoliniowych oraz optymalizacj\u0119 technologii procesu wiercenia.<\/li><li>Modyfikacj\u0119 technologii p\u0142yn\u00f3w wiertniczych.<\/li><li>Dob\u00f3r i modyfikacj\u0119 urz\u0105dze\u0144 wiertniczych oraz system\u00f3w zag\u0142owiczenia.<\/li><li>Optymalizacj\u0119 operacji wiercenia jak i likwidowania otworu w celu zmniejszenia koszt\u00f3w wiercenia otworu.<\/li><\/ul>\n\n\n\n<p><strong>3.<em>\u201eOpracowanie modelu automatycznej wiertnicy rdzeniowej do pracy w ekstremalnych warunkach, w szczeg\u00f3lno\u015bci w \u015brodowisku kosmicznym\u201d<\/em><\/strong> Projekt finansowany z Narodowego Centrum Badan i Rozwoju w ramach Programu Bada\u0144 Stosowanych.<\/p>\n\n\n\n<p>Lider projektu: Centrum Bada\u0144 Kosmicznych Polskiej Akademii Nauk.<\/p>\n\n\n\n<p>Partnerzy projektu: AGH Wydzia\u0142 Wiertnictwa, Nafty i Gazu, Katedra Wiertnictwa i Geoin\u017cynierii, AGH Wydzia\u0142 In\u017cynierii Mechanicznej i <em>Robotyki, <\/em>Katedra Robotyki&nbsp;&nbsp;&nbsp; i Mechatroniki.<\/p>\n\n\n\n<p>Kierownik projektu na WWNiG: prof. dr hab. in\u017c. A. Gonet, <a href=\"mailto:gonet@agh.edu.pl\">gonet@agh.edu.pl<\/a> .<\/p>\n\n\n\n<p>Okres realizacji projektu: 36 miesi\u0119cy.<\/p>\n\n\n\n<p>Wiertnictwo, mechatronika oraz technologie kosmiczne to pozornie odr\u0119bne dziedziny nauki i techniki. Niemniej jednak ekspansja naukowc\u00f3w w coraz bardziej ekstremalne zak\u0105tki zar\u00f3wno Ziemi jaki kosmosu kreuje potrzeb\u0119 opracowywania system\u00f3w pozwalaj\u0105cych na zaspokojenie tych d\u0105\u017ce\u0144. Takim urz\u0105dzeniem jest automatyczna wiertnica rdzeniowa, kt\u00f3rej zadaniem jest bezobs\u0142ugowe pobieranie pr\u00f3bek materia\u0142u z g\u0142\u0119boko\u015bci kilku metr\u00f3w. Przewidywanym \u015brodowiskiem pracy urz\u0105dzenia s\u0105 zar\u00f3wno trudnodost\u0119pne miejsca na Ziemi jak r\u00f3wnie\u017c powierzchnia planet i asteroid\u00f3w. Celem projektu jest opracowanie, wykonanie i przetestowanie modelu laboratoryjnego automatycznej wiertnicy rdzeniowej. Specyficzne wymagania zwi\u0105zane z dost\u0119pn\u0105 moc\u0105 i mas\u0105 jak r\u00f3wnie\u017c prac\u0105 w pr\u00f3\u017cni sprawiaj\u0105, \u017ce proponowane zadanie jest z jednej strony zadaniem trudnym i wymagaj\u0105cym a z drugiej mog\u0105cym stanowi\u0107 nisz\u0119 rynkow\u0105. Proponowany projekt ma szczeg\u00f3lne znaczenie w kontek\u015bcie akcesji Polski do Europejskiej Agencji Kosmicznej.<\/p>\n\n\n\n<p><strong>4.\u201eKoncepcja ponownego wykorzystania odpad\u00f3w powstaj\u0105cych podczas wierce\u0144 l\u0105dowych i morskich w aspekcie ochrony \u015brodowiska naturalnego\u201d <\/strong>\u2013 RWPI, projekt wsp\u00f3\u0142finansowany ze \u015brodk\u00f3w funduszy norweskich w ramach program Polsko-Norweska Wsp\u00f3\u0142praca Badawcza realizowanego przez Narodowe Centrum Badan i Rozwoju.<\/p>\n\n\n\n<p>Promotor Projektu: Akademia G\u00f3rniczo-Hutnicza im. St. Staszica w Krakowie, Wydzia\u0142 Wiertnictwa, Nafty i Gazu; Katedra Wiertnictwa i Geoin\u017cynierii.<\/p>\n\n\n\n<p>Partner Projektu: Uniwersytet w Stavanger, Wydzia\u0142 Nauki i Technologii.<\/p>\n\n\n\n<p>Kierownik Projektu: prof. dr hab. in\u017c. Andrzej Gonet, <a href=\"mailto:gonet@agh.edu.pl\">gonet@agh.edu.pl<\/a><\/p>\n\n\n\n<p>Okres realizacji projektu: 30 miesi\u0119cy.<\/p>\n\n\n\n<p>Strona WWW projektu: <a href=\"http:\/\/www.drillingwaste.eu\">www.drillingwaste.eu<\/a><\/p>\n\n\n\n<p>Ci\u0105g\u0142y wzrost&nbsp;ilo\u015bci prowadzonych wierce\u0144 morskich i l\u0105dowych, a co za tym idzie wzrost ilo\u015bci odpad\u00f3w wiertniczych oraz nacisk po\u0142o\u017cony w ostatnich latach na ochron\u0119 \u015brodowiska spowodowa\u0142, \u017ce istnieje potrzeba poszukiwania nowych metod zagospodarowania odpad\u00f3w wiertniczych.<\/p>\n\n\n\n<p>Wychodz\u0105c naprzeciw tym problemom autorzy projektu postanowili opracowa\u0107 koncepcj\u0119 zagospodarowania odpad\u00f3w wiertniczych mo\u017cliw\u0105 do zastosowania w skali przemys\u0142owej.<\/p>\n\n\n\n<p>Ide\u0105 tego projektu jest opracowanie efektywnej i ekologicznej technologii&nbsp;zagospodarowania i utylizacji odpad\u00f3w wiertniczych powstaj\u0105cych podczas prac wiertniczych prowadzonych na l\u0105dzie jak i na morzu z wykorzystaniem zar\u00f3wno wodnych a tak\u017ce olejowych p\u0142uczek wiertniczych.<\/p>\n\n\n\n<p>W ramach projektu by\u0142y realizowane nast\u0119puj\u0105ce badania:<\/p>\n\n\n\n<ol class=\"wp-block-list\" type=\"1\"><li>badania w\u0142a\u015bciwo\u015bci chemicznych, fizycznych, biologicznych oraz sk\u0142adu mineralogiczno-fazowego odpad\u00f3w wiertniczych oraz odpadowej fazy sta\u0142ej po procesie desorpcji termicznej w kontek\u015bcie mo\u017cliwo\u015bci ich zagospodarowania,<\/li><li>prace eksperymentalne zmierzaj\u0105ce do wypracowania wydajnej i skutecznej technologii odzysku i rozdzia\u0142u fazy sta\u0142ej oraz ciek\u0142ej w uci\u0105\u017cliwych i zanieczyszczonych odpadach wiertniczych powstaj\u0105cych w trakcie prac wiertniczych przy u\u017cyciu wodnej oraz olejowej p\u0142uczki wiertniczej,<\/li><li>badania laboratoryjne nad wypracowaniem technologii uzdatniania i odzysku mineralnej oraz mineralno-organicznej fazy sta\u0142ej wydzielonej ze \u015brodowiska odpad\u00f3w wiertniczych,<\/li><li>opracowanie koncepcji zagospodarowania odpad\u00f3w wiertniczych w skali przemys\u0142owej.<\/li><\/ol>\n\n\n\n<p><\/p>\n\n\n\n<p><strong>5.<em><em><strong>\u201e<\/strong><\/em>Ultralekka <\/em><\/strong><strong style=\"font-style: italic;\">wiertnica do eksploracji przestrzeni kosmicznej\u201d<\/strong><i> Praca finansowana przez Rz\u0105d Polski ze \u015brodk\u00f3w <\/i>Europejskiej Agencji Kosmicznej (ESA) w ramach programu Plan dla Europejskich Pa\u0144stw Wsp\u00f3\u0142pracuj\u0105cych (PECS)<\/p>\n\n\n\n<p>Lider projektu: AGH, Wydzia\u0142 Wiertnictwa, Nafty i Gazu, Katedra Wiertnictwa i Geoin\u017cynierii.<\/p>\n\n\n\n<p>Partner projektu: Centrum Bada\u0144 Kosmicznych Polskiej Akademii Nauk.<\/p>\n\n\n\n<p>Kierownik projektu: dr in\u017c. Adam Jan Zwierzy\u0144ski, <a href=\"mailto:zwierzyn@agh.edu.pl\">zwierzyn@agh.edu.pl<\/a><\/p>\n\n\n\n<p>Okres realizacji projektu: 30 miesi\u0119cy.<\/p>\n\n\n\n<p>Eksploracja uk\u0142adu s\u0142onecznego jest jednym z g\u0142\u00f3wnych zada\u0144 rz\u0105dowych, naukowych oraz nawet prywatnych organizacji.&nbsp; Opr\u00f3cz analizy powierzchni, jednym z g\u0142\u00f3wnych zada\u0144 w chwili obecnej oraz w najbli\u017cszej przysz\u0142o\u015bci b\u0119dzie analiza struktury wn\u0119trza obiekt\u00f3w kosmicznych.<\/p>\n\n\n\n<p>Celem projektu jest opracowanie i demonstracja modelu laboratoryjnego\u00a0 ultralekkiego urz\u0105dzenia zdolnego do pobrania rdzeni regolitu\/ska\u0142 planet i ma\u0142ych cia\u0142 uk\u0142adu s\u0142onecznego (np. satelity, asteroidy) w warunkach mikrograwitacji i pr\u00f3\u017cni. zgodnie z przysz\u0142ymi planami eksploracji przestrzeni kosmicznej (Ksi\u0119\u017cyc, satelity) proponowane urz\u0105dzenie powinno by\u0107 dobrze dopasowane do panuj\u0105cych tam warunk\u00f3w oraz s\u0142u\u017cy\u0107 jako podstawa dla rozwoju specjalistycznych modeli gotowych do wys\u0142ania na misj\u0119 kosmiczn\u0105.<\/p>\n\n\n\n<p><\/p>\n\n\n\n<p><strong>6.<\/strong> <strong>Conception of reuse of the waste from onshore and offshore drilling in the aspect of environmental protection<\/strong><\/p>\n\n\n\n<p><\/p>\n\n\n\n<p>Praca zosta\u0142a zrealizowany wsp\u00f3lnie z Uniwersytetem w Stavanger, Norwegia w ramach EEA Grands (granty norweskie). Dotyczy\u0142a ona opracowania nowych technologii zagospodarowania i utylizacji p\u0142uczek wiertniczych produkowanych zar\u00f3wno\u00a0 na bazie wody jak\u00a0 i p\u0142uczek olejowych. Wykonanych zosta\u0142o szereg bada\u0144 laboratoryjnych i studi\u00f3w w Polsce jak r\u00f3wnie\u017c w Norwegii umo\u017cliwiaj\u0105cych ocen\u0119 zagro\u017cenia dla \u015brodowiska naturalnego jakie nios\u0105 ze sob\u0105 zu\u017cyte p\u0142uczki wiertnicze. Stosowane zar\u00f3wno na l\u0105dzie jak i na morzu. Ko\u0144cowym wynikiem by\u0142o opracowanie nowej koncepcji utylizacji p\u0142uczek. Niew\u0105tpliwie badania te przyczyni\u0142y si\u0119 do ochrony \u015brodowiska naturalnego i podniesienia technologii utylizacji zu\u017cytych p\u0142uczek wiertniczych w Polsce i w Norwegii. Praca ta zosta\u0142a rozliczona i odebrana z wynikiem bardzo dobrym.<\/p>\n\n\n\n<p>Kierownik Projektu: prof. dr hab. in\u017c. Andrzej Gonet, <a href=\"mailto:gonet@agh.edu.pl\">gonet@agh.edu.pl<\/a><\/p>\n\n\n\n<p>G\u0142\u00f3wny wykonawca: dr in\u017c. Aleksandra Jamrozik<\/p>\n\n\n\n<p>Czas trwania 2013-2015.<\/p>\n\n\n\n<p><\/p>\n\n\n\n<p><strong>7.<\/strong> <strong><em>Mobilno\u015b\u0107 os\u00f3b w szkolnictwie Wy\u017cszym<\/em><\/strong><\/p>\n\n\n\n<p>Udzia\u0142 w funduszu stypendialnym i szkoleniowym w ramach Norweskich funduszy na lata 2009-2014.<\/p>\n\n\n\n<p>Promotor Projektu: Akademia G\u00f3rniczo-Hutnicza, Dzia\u0142 Wsp\u00f3\u0142pracy z Zagranic\u0105.<\/p>\n\n\n\n<p>Partner Projektu: Keilir Institute of Technology \u2013 Islandia.<\/p>\n\n\n\n<p>Kierownik projektu ze strony WWNiG: dr in\u017c. Dariusz Knez, <a href=\"mailto:knez@agh.edu.pl\">knez@agh.edu.pl<\/a><\/p>\n\n\n\n<p>Okres realizacji: rok akademicki 2013\/2014.<\/p>\n\n\n\n<p><\/p>\n\n\n\n<p><strong>8.<em><strong><em><strong>\u201e<\/strong><\/em><\/strong>Tr\u00f3jstronna umowa mi\u0119dzynarodowa umo\u017cliwiaj\u0105ca wsp\u00f3\u0142finansowanie projekt\u00f3w doktoranckich i projekt\u00f3w magisterskich\u201d,<\/em><\/strong> zawarta pomi\u0119dzy AGH Wydzia\u0142em Wiertnictwa, Nafty i Gazu i Technicznym Uniwersytetem w Stavanger Wydzia\u0142 In\u017cynierii Naftowej, i PGNiG Upstream International S.A.<\/p>\n\n\n\n<p>Kierownik projektu: dr hab. in\u017c. Jan Ziaja, <a href=\"mailto:ziaja@agh.edu.pl\">ziaja@agh.edu.pl<\/a> <em><\/em><\/p>\n\n\n\n<p>Okres realizacji 2011-2015 r.<\/p>\n\n\n\n<p>Celem tego porozumienia jest promocja naukowej wsp\u00f3\u0142pracy pomi\u0119dzy wymienionymi uniwersytetami przy wsparciu partnera przemys\u0142owego. Zakres wsp\u00f3\u0142pracy obejmuje kwestie przemys\u0142u paliwowego oraz gazowego. A w szczeg\u00f3lno\u015bci kwestie: wydobycia ropy i gazu jak r\u00f3wnie\u017c geologi\u0119, geofizyk\u0119 oraz \u015brodowisko naturalne. W ramach wsp\u00f3\u0142finansowania wsp\u00f3\u0142pracy naukowo badawczej pomi\u0119dzy AGH a UiS przez firm\u0119 PGNiG Upstream International S.A. zaplanowanych jest napisanie 20 prac magisterskich oraz dwu prac doktorskich w oparciu o dane przemys\u0142owe m.in. z\u0142o\u017ca Skarv znajduj\u0105cego si\u0119 na Morzu P\u00f3\u0142nocnym.&nbsp; Studenci II-go stopnia odbywaj\u0105 roczne studia na uczelni partnerskiej i pisz\u0105 prace magisterskie pod kierownictwem promotor\u00f3w z obu Uczelni. Do chwili obecnej studenci WWNiG AGH w ramach tego programu zrealizowali pi\u0119\u0107 prac magisterskich. Kolejne dwie s\u0105 na uko\u0144czeniu. W trakcie prac badawczych znajduj\u0105 si\u0119 r\u00f3wnie\u017c prace doktorskie. W ramach projektu prowadzona jest te\u017c wymiana pracownik\u00f3w i kadry naukowe<\/p>\n\n\n\n<p><strong>9.<em><strong>\u201e<\/strong>Opracowanie wytycznych do zaprojektowania innowacyjnej technologii wydobycia gazu z \u0142upk\u00f3w przy u\u017cyciu ciek\u0142ego CO<sub>2<\/sub> na drodze analiz numerycznych i bada\u0144 eksperymentalnych\u201d<\/em><\/strong> &#8211; projekt finansowany przez Narodowe Centrum Bada\u0144 i Rozwoju oraz Polskie G\u00f3rnictwo Naftowe i Gazownictwo, umowa zawarta pomi\u0119dzy Narodowym Centrum Bada\u0144 i Rozwoju, Polskim G\u00f3rnictwem Naftowym i Gazownictwem, Wojskow\u0105 Akademi\u0105 Techniczn\u0105, Akademi\u0105 G\u00f3rniczo-Hutnicz\u0105 i Politechnik\u0105 Warszawsk\u0105.<\/p>\n\n\n\n<p>Kierownik projektu na AGH: dr in\u017c. Dariusz Knez, <a href=\"mailto:knez@agh.edu.pl\">knez@agh.edu.pl<\/a><\/p>\n\n\n\n<p>Okres realizacji 2014-2016 r.<\/p>\n\n\n\n<p>Celem projektu by\u0142a analiza mo\u017cliwo\u015bci wykorzystania dwutlenku w\u0119gla jako p\u0142ynu szczelinuj\u0105cego do stymulacji z\u0142\u00f3\u017c gazu ziemnego w formacjach \u0142upkowych na wytypowanym przez Polskie G\u00f3rnictwo Naftowe i Gazownictwo obszarze. Efektem b\u0119dzie opracowanie wytycznych umo\u017cliwiaj\u0105cych PGNiG wykonanie innowacyjnych projekt\u00f3w szczelinowania hydraulicznego. Zaplanowane w projekcie badania numeryczne i eksperymentalne maj\u0105 na celu weryfikacj\u0119 element\u00f3w technologii w warunkach laboratoryjnych, co znacznie ograniczy ryzyko i koszty realizacji technologii na odwiercie<\/p>\n","protected":false},"excerpt":{"rendered":"<p>Zrealizowane prace naukowo-badawcze Katedra Wiertnictwa i Geoin\u017cynierii w strukturze Wydzia\u0142u Wiertnictwa, Nafty i Gazu kontynuuje i prowadzi dzia\u0142alno\u015b\u0107 dydaktyczn\u0105 i naukowo-badawcz\u0105 skupiaj\u0105c\u0105 si\u0119 na nast\u0119puj\u0105cych zagadnieniach: Projektowania naftowych otwor\u00f3w wiertniczych: poszukiwawczych, rozpoznawczych, badawczych, eksploatacyjnych z&nbsp;uwzgl\u0119dnieniem otwor\u00f3w kierunkowych; Techniki i technologii &hellip; <a href=\"https:\/\/kwig.wnaft.agh.edu.pl\/index.php\/prowadzone-projekty\/\">Czytaj dalej <span class=\"meta-nav\">&rarr;<\/span><\/a><\/p>\n","protected":false},"author":1,"featured_media":0,"parent":0,"menu_order":0,"comment_status":"closed","ping_status":"closed","template":"","meta":{"footnotes":""},"class_list":["post-210","page","type-page","status-publish","hentry"],"_links":{"self":[{"href":"https:\/\/kwig.wnaft.agh.edu.pl\/index.php\/wp-json\/wp\/v2\/pages\/210","targetHints":{"allow":["GET"]}}],"collection":[{"href":"https:\/\/kwig.wnaft.agh.edu.pl\/index.php\/wp-json\/wp\/v2\/pages"}],"about":[{"href":"https:\/\/kwig.wnaft.agh.edu.pl\/index.php\/wp-json\/wp\/v2\/types\/page"}],"author":[{"embeddable":true,"href":"https:\/\/kwig.wnaft.agh.edu.pl\/index.php\/wp-json\/wp\/v2\/users\/1"}],"replies":[{"embeddable":true,"href":"https:\/\/kwig.wnaft.agh.edu.pl\/index.php\/wp-json\/wp\/v2\/comments?post=210"}],"version-history":[{"count":4,"href":"https:\/\/kwig.wnaft.agh.edu.pl\/index.php\/wp-json\/wp\/v2\/pages\/210\/revisions"}],"predecessor-version":[{"id":325,"href":"https:\/\/kwig.wnaft.agh.edu.pl\/index.php\/wp-json\/wp\/v2\/pages\/210\/revisions\/325"}],"wp:attachment":[{"href":"https:\/\/kwig.wnaft.agh.edu.pl\/index.php\/wp-json\/wp\/v2\/media?parent=210"}],"curies":[{"name":"wp","href":"https:\/\/api.w.org\/{rel}","templated":true}]}}