{"id":211,"date":"2021-10-13T15:08:52","date_gmt":"2021-10-13T13:08:52","guid":{"rendered":"https:\/\/kwig.wnaft.agh.edu.pl\/?page_id=211"},"modified":"2024-12-04T12:20:07","modified_gmt":"2024-12-04T11:20:07","slug":"pracownicy","status":"publish","type":"page","link":"https:\/\/kwig.wnaft.agh.edu.pl\/index.php\/pracownicy\/","title":{"rendered":"Pracownicy"},"content":{"rendered":"\n<p id=\"block-decdf15f-f9c1-4389-9a21-bcf58c857e8e\"><strong>Kierownictwo Katedry Wiertnictwa i Geoin\u017cynierii:<\/strong><\/p>\n\n\n\n<p id=\"block-ea158c33-a771-4072-8cbb-bb94e19c8274\">Kierownik Katedry<a href=\"https:\/\/skos.agh.edu.pl\/osoba\/jan-ziaja-3896.html\"> <a href=\"https:\/\/skos.agh.edu.pl\/osoba\/dariusz-knez-4347.html\">dr hab. in\u017c. Dariusz Knez, prof. AGH<\/a><\/a><\/p>\n\n\n\n<p id=\"block-293b4df4-f3ab-45ab-91fd-3c1cd1da6fbd\">Osoba kontaktowa: <a href=\"https:\/\/skos.agh.edu.pl\/osoba\/elzbieta-lis-1936.html\">mgr in\u017c. El\u017cbieta Lis<\/a><\/p>\n\n\n\n<p id=\"block-1e8f4e47-b40f-4950-81ee-0af09aa68d6b\"><strong>Osoby zatrudnione bezpo\u015brednio w jednostce:<\/strong><\/p>\n\n\n\n<ol class=\"wp-block-list\" id=\"block-bc3a0e03-4398-4f55-b09a-944bdd92c662\"><li><a href=\"https:\/\/skos.agh.edu.pl\/osoba\/malgorzata-maria-formela-8457.html\">Formela Ma\u0142gorzata Maria, mgr in\u017c.<\/a><\/li><li><a href=\"https:\/\/skos.agh.edu.pl\/osoba\/andrzej-gonet-887.html\">Gonet Andrzej, prof. dr hab. in\u017c.<\/a><\/li><li><a href=\"https:\/\/skos.agh.edu.pl\/osoba\/krzysztof-haladyna-1050.html\">Ha\u0142adyna Krzysztof<\/a><\/li><li><a href=\"https:\/\/skos.agh.edu.pl\/osoba\/aleksandra-jamrozik-6653.html\">Jamrozik Aleksandra, dr in\u017c.<\/a><\/li><li><a href=\"https:\/\/skos.agh.edu.pl\/osoba\/dariusz-knez-4347.html\">Knez Dariusz, dr hab. in\u017c.<\/a><\/li><li><a href=\"https:\/\/skos.agh.edu.pl\/osoba\/iwona-kowalska-kubsik-7751.html\">Kowalska-Kubsik Iwona, dr in\u017c.<\/a><\/li><li><a href=\"https:\/\/skos.agh.edu.pl\/osoba\/tomasz-wojciech-kowalski-8899.html\">Kowalski Tomasz Wojciech, mgr in\u017c.<\/a><\/li><li><a href=\"https:\/\/skos.agh.edu.pl\/osoba\/elzbieta-lis-1936.html\">Lis El\u017cbieta, mgr in\u017c.<\/a><\/li><li><a href=\"https:\/\/skos.agh.edu.pl\/osoba\/piotr-boguslaw-mytnik-9547.html\">Mytnik Piotr Bogus\u0142aw, mgr in\u017c.<\/a><\/li><li><a href=\"https:\/\/skos.agh.edu.pl\/osoba\/robert-rado-2762.html\">Rado Robert, dr in\u017c.<\/a><\/li><li><a href=\"https:\/\/skos.agh.edu.pl\/osoba\/aneta-sapinska-sliwa-6992.html\">Sapi\u0144ska-\u015aliwa Aneta, dr hab. in\u017c.<\/a><\/li><li><a href=\"https:\/\/skos.agh.edu.pl\/osoba\/krzysztof-skrzypaszek-5365.html\">Skrzypaszek Krzysztof, dr in\u017c.<\/a><\/li><li><a href=\"https:\/\/skos.agh.edu.pl\/osoba\/tomasz-sliwa-4348.html\">\u015aliwa Tomasz, dr hab. in\u017c.<\/a><\/li><li><a href=\"https:\/\/skos.agh.edu.pl\/osoba\/wojciech-teper-9010.html\">Teper Wojciech, dr in\u017c.<\/a><\/li><li><a href=\"https:\/\/skos.agh.edu.pl\/osoba\/przemyslaw-toczek-8465.html\">Toczek Przemys\u0142aw, dr in\u017c.<\/a><\/li><li><a href=\"https:\/\/skos.agh.edu.pl\/osoba\/rafal-wisniowski-3660.html\">Wi\u015bniowski Rafa\u0142, prof. dr hab. in\u017c.<\/a><\/li><li><a href=\"https:\/\/skos.agh.edu.pl\/osoba\/slawomir-wysocki-6136.html\">Wysocki S\u0142awomir, dr<\/a><\/li><li><a href=\"https:\/\/skos.agh.edu.pl\/osoba\/dagmara-zeljas-8206.html\">Zelja\u015b Dagmara, dr in\u017c.<\/a><\/li><li><a href=\"https:\/\/skos.agh.edu.pl\/osoba\/jan-ziaja-3896.html\">Ziaja Jan, dr hab. in\u017c.<\/a><\/li><li><a href=\"https:\/\/skos.agh.edu.pl\/osoba\/albert-zlotkowski-7574.html\">Z\u0142otkowski Albert, dr in\u017c.<\/a><\/li><li><a href=\"https:\/\/skos.agh.edu.pl\/osoba\/adam-jan-zwierzynski-7124.html\">Zwierzy\u0144ski Adam Jan, dr in\u017c.<\/a><\/li><\/ol>\n\n\n\n<p id=\"block-17ffa361-769c-4e40-8664-25b100f5d2a5\"><strong>Emeryci bezpo\u015brednio w jednostce<\/strong>:<\/p>\n\n\n\n<ol class=\"wp-block-list\" id=\"block-1d4ba9ab-c433-4910-8e4a-67c609a38be2\"><li><a href=\"https:\/\/skos.agh.edu.pl\/osoba\/jan-artymiuk-42.html\">Artymiuk Jan, dr in\u017c.<\/a><\/li><li><a href=\"https:\/\/skos.agh.edu.pl\/osoba\/stanislaw-bednarz-133.html\">Bednarz Stanis\u0142aw, dr in\u017c.<\/a><\/li><li><a href=\"https:\/\/skos.agh.edu.pl\/osoba\/danuta-bielewicz-172.html\">Bielewicz Danuta, prof. dr hab. in\u017c.<\/a><\/li><li><a href=\"https:\/\/skos.agh.edu.pl\/osoba\/marek-capik-381.html\">Capik Marek, dr in\u017c.<\/a><\/li><li><a href=\"https:\/\/skos.agh.edu.pl\/osoba\/miroslaw-rzyczniak-2915.html\">Rzyczniak Miros\u0142aw, dr in\u017c.<\/a><\/li><li><a href=\"https:\/\/skos.agh.edu.pl\/osoba\/ewa-slupek-3393.html\">S\u0142upek Ewa, mgr in\u017c.<\/a><\/li><li><a href=\"https:\/\/skos.agh.edu.pl\/osoba\/iwona-szlazak-3314.html\">Szl\u0105zak Iwona, mgr in\u017c.<\/a><\/li><\/ol>\n","protected":false},"excerpt":{"rendered":"<p>Kierownictwo Katedry Wiertnictwa i Geoin\u017cynierii: Kierownik Katedry dr hab. in\u017c. Dariusz Knez, prof. AGH Osoba kontaktowa: mgr in\u017c. El\u017cbieta Lis Osoby zatrudnione bezpo\u015brednio w jednostce: Formela Ma\u0142gorzata Maria, mgr in\u017c. Gonet Andrzej, prof. dr hab. in\u017c. Ha\u0142adyna Krzysztof Jamrozik Aleksandra, &hellip; <a href=\"https:\/\/kwig.wnaft.agh.edu.pl\/index.php\/pracownicy\/\">Czytaj dalej <span class=\"meta-nav\">&rarr;<\/span><\/a><\/p>\n","protected":false},"author":1,"featured_media":0,"parent":0,"menu_order":0,"comment_status":"closed","ping_status":"closed","template":"","meta":{"footnotes":""},"class_list":["post-211","page","type-page","status-publish","hentry"],"_links":{"self":[{"href":"https:\/\/kwig.wnaft.agh.edu.pl\/index.php\/wp-json\/wp\/v2\/pages\/211","targetHints":{"allow":["GET"]}}],"collection":[{"href":"https:\/\/kwig.wnaft.agh.edu.pl\/index.php\/wp-json\/wp\/v2\/pages"}],"about":[{"href":"https:\/\/kwig.wnaft.agh.edu.pl\/index.php\/wp-json\/wp\/v2\/types\/page"}],"author":[{"embeddable":true,"href":"https:\/\/kwig.wnaft.agh.edu.pl\/index.php\/wp-json\/wp\/v2\/users\/1"}],"replies":[{"embeddable":true,"href":"https:\/\/kwig.wnaft.agh.edu.pl\/index.php\/wp-json\/wp\/v2\/comments?post=211"}],"version-history":[{"count":7,"href":"https:\/\/kwig.wnaft.agh.edu.pl\/index.php\/wp-json\/wp\/v2\/pages\/211\/revisions"}],"predecessor-version":[{"id":612,"href":"https:\/\/kwig.wnaft.agh.edu.pl\/index.php\/wp-json\/wp\/v2\/pages\/211\/revisions\/612"}],"wp:attachment":[{"href":"https:\/\/kwig.wnaft.agh.edu.pl\/index.php\/wp-json\/wp\/v2\/media?parent=211"}],"curies":[{"name":"wp","href":"https:\/\/api.w.org\/{rel}","templated":true}]}}