{"id":213,"date":"2021-10-13T15:08:52","date_gmt":"2021-10-13T13:08:52","guid":{"rendered":"https:\/\/kwig.wnaft.agh.edu.pl\/?page_id=213"},"modified":"2024-12-04T11:16:48","modified_gmt":"2024-12-04T10:16:48","slug":"kontakt","status":"publish","type":"page","link":"https:\/\/kwig.wnaft.agh.edu.pl\/index.php\/kontakt\/","title":{"rendered":"Kontakt"},"content":{"rendered":"\n<p class=\"has-text-align-center\"><strong>Wydzia\u0142 Wiertnictwa, Nafty i Gazu <\/strong><\/p>\n\n\n\n<p class=\"has-text-align-center\"><strong>Akademia G\u00f3rniczo-Hutnicza im. Stanis\u0142awa Staszica w Krakowie<\/strong><\/p>\n\n\n\n<p class=\"has-text-align-center\"><strong><a href=\"https:\/\/skos.agh.edu.pl\/jednostka\/akademia-gorniczo-hutnicza-im-stanislawa-staszica-w-krakowie\/wydzial-wiertnictwa-nafty-i-gazu\/katedra-wiertnictwa-i-geoinzynierii-314.html\" target=\"_blank\" rel=\"noreferrer noopener\">Katedra Wiertnictwa i Geoin\u017cynierii<\/a><\/strong><\/p>\n\n\n\n<p><\/p>\n\n\n\n<h2 class=\"wp-block-heading\">Kierownictwo<\/h2>\n\n\n\n<figure class=\"wp-block-table\"><table><tbody><tr><td>Kierownik Katedry<\/td><td><a href=\"https:\/\/skos.agh.edu.pl\/osoba\/dariusz-knez-4347.html\"><a href=\"https:\/\/skos.agh.edu.pl\/osoba\/dariusz-knez-4347.html\">dr hab. in\u017c. Dariusz Knez<\/a><\/a>, prof. AGH<\/td><\/tr><tr><td>Z-ca Kierownika Katedry<\/td><td><\/td><\/tr><\/tbody><\/table><\/figure>\n\n\n\n<h2 class=\"wp-block-heading\">Osoba kontaktowa<\/h2>\n\n\n\n<p><a href=\"https:\/\/skos.agh.edu.pl\/osoba\/elzbieta-lis-1936.html\">mgr in\u017c. El\u017cbieta Lis<\/a><\/p>\n\n\n\n<p>Pok\u00f3j: A-4, I p., pok. 113<\/p>\n\n\n\n<h2 class=\"wp-block-heading\">Telefony kontaktowe<\/h2>\n\n\n\n<h2 class=\"wp-block-heading\">tel. +48 12 617 22 15<\/h2>\n\n\n\n<p><\/p>\n\n\n\n<h2 class=\"wp-block-heading\">Email-e kontaktowe<\/h2>\n\n\n\n<ul class=\"wp-block-list\"><li><a href=\"mailto:elis@agh.edu.pl\">elis@agh.edu.pl<\/a><\/li><li><a href=\"mailto:knez@agh.edu.pl\">knez@agh.edu.pl<\/a><\/li><\/ul>\n\n\n\n<p><\/p>\n","protected":false},"excerpt":{"rendered":"<p>Wydzia\u0142 Wiertnictwa, Nafty i Gazu Akademia G\u00f3rniczo-Hutnicza im. Stanis\u0142awa Staszica w Krakowie Katedra Wiertnictwa i Geoin\u017cynierii Kierownictwo Kierownik Katedry dr hab. in\u017c. Dariusz Knez, prof. AGH Z-ca Kierownika Katedry Osoba kontaktowa mgr in\u017c. El\u017cbieta Lis Pok\u00f3j: A-4, I p., pok. &hellip; <a href=\"https:\/\/kwig.wnaft.agh.edu.pl\/index.php\/kontakt\/\">Czytaj dalej <span class=\"meta-nav\">&rarr;<\/span><\/a><\/p>\n","protected":false},"author":1,"featured_media":0,"parent":0,"menu_order":0,"comment_status":"closed","ping_status":"closed","template":"","meta":{"footnotes":""},"class_list":["post-213","page","type-page","status-publish","hentry"],"_links":{"self":[{"href":"https:\/\/kwig.wnaft.agh.edu.pl\/index.php\/wp-json\/wp\/v2\/pages\/213","targetHints":{"allow":["GET"]}}],"collection":[{"href":"https:\/\/kwig.wnaft.agh.edu.pl\/index.php\/wp-json\/wp\/v2\/pages"}],"about":[{"href":"https:\/\/kwig.wnaft.agh.edu.pl\/index.php\/wp-json\/wp\/v2\/types\/page"}],"author":[{"embeddable":true,"href":"https:\/\/kwig.wnaft.agh.edu.pl\/index.php\/wp-json\/wp\/v2\/users\/1"}],"replies":[{"embeddable":true,"href":"https:\/\/kwig.wnaft.agh.edu.pl\/index.php\/wp-json\/wp\/v2\/comments?post=213"}],"version-history":[{"count":12,"href":"https:\/\/kwig.wnaft.agh.edu.pl\/index.php\/wp-json\/wp\/v2\/pages\/213\/revisions"}],"predecessor-version":[{"id":611,"href":"https:\/\/kwig.wnaft.agh.edu.pl\/index.php\/wp-json\/wp\/v2\/pages\/213\/revisions\/611"}],"wp:attachment":[{"href":"https:\/\/kwig.wnaft.agh.edu.pl\/index.php\/wp-json\/wp\/v2\/media?parent=213"}],"curies":[{"name":"wp","href":"https:\/\/api.w.org\/{rel}","templated":true}]}}