{"id":261,"date":"2021-10-13T15:47:55","date_gmt":"2021-10-13T13:47:55","guid":{"rendered":"https:\/\/kwig.wnaft.agh.edu.pl\/?page_id=261"},"modified":"2023-05-31T12:36:27","modified_gmt":"2023-05-31T10:36:27","slug":"oferta-dydaktyczna","status":"publish","type":"page","link":"https:\/\/kwig.wnaft.agh.edu.pl\/index.php\/oferta-dydaktyczna\/","title":{"rendered":"Studiuj u nas!"},"content":{"rendered":"\n<p class=\"has-text-align-center has-medium-font-size\"><strong>Absolwent\u00f3w pierwszego stopnia zapraszamy na specjalno\u015bci na studiach drugiego stopnia!<\/strong><\/p>\n\n\n\n<ol class=\"wp-block-list\"><li>Geoin\u017cynieria i Geotermia na kierunku Geoin\u017cynieria i G\u00f3rnictwo Otworowe<\/li><li>Kosmiczne G\u00f3nictwo Otworowe na kierunku Geoin\u017cynieria i G\u00f3rnictwo Otworowe<\/li><li>Wiertnictwo i Geoin\u017cynieria na kierunku Geoin\u017cynieria i G\u00f3rnictwo Otworowe<\/li><li>Wiertnictwo Naftowe na kierunku In\u017cynieria Naftowa i Gazownicza<\/li><\/ol>\n\n\n\n<div class=\"wp-block-buttons aligncenter is-layout-flex wp-block-buttons-is-layout-flex\">\n<div class=\"wp-block-button\"><a class=\"wp-block-button__link has-black-color has-very-light-gray-to-cyan-bluish-gray-gradient-background has-text-color has-background\" href=\"https:\/\/sylabusy.agh.edu.pl\/pl\/1\/2\/18\/1\/5\/11\" target=\"_blank\" rel=\"noreferrer noopener\">SZCZEG\u00d3\u0141OWE INFORMACJE NA TEMAT SPECJALNO\u015aCI<\/a><\/div>\n<\/div>\n\n\n\n<p class=\"has-text-align-center\">W razie pyta\u0144 zapraszamy do<a href=\"https:\/\/kwig.wnaft.agh.edu.pl\/index.php\/kontakt\/\"> <strong>kontaktu e-mailowego lub telefonicznego<\/strong><\/a>!<\/p>\n\n\n\n<p>&#8212;&#8212;&#8212;&#8212;&#8212;&#8212;&#8212;&#8212;&#8212;&#8212;&#8212;&#8212;&#8212;&#8212;&#8212;&#8212;&#8212;&#8212;&#8212;&#8212;&#8212;&#8212;&#8212;&#8212;&#8212;&#8212;&#8212;&#8212;&#8212;&#8212;&#8212;&#8212;&#8212;&#8212;&#8212;&#8212;&#8212;&#8212;&#8212;&#8212;-<\/p>\n\n\n\n<p class=\"has-text-align-center\"><em><strong>Program SPINAKER &#8211; Intensywne Mi\u0119dzynarodowe Programy Kszta\u0142cenia<\/strong> &#8211; <strong>Mi\u0119dzynarodowa Wirtualna Szko\u0142a w AGH<\/strong><\/em><\/p>\n\n\n\n<p class=\"has-text-align-center\"><em>Katedra aktywnie uczestniczy r\u00f3wnie\u017c w mi\u0119dzynarodowej dzia\u0142alno\u015bci naukowej na rzecz student\u00f3w. Dr hab. in\u017c. Jan Ziaja, prof. AGH zorganizowa\u0142 dwie edycje programu SPINAKER. Celem g\u0142\u00f3wnym programu by\u0142o umi\u0119dzynarodowienie polskich instytucji szkolnictwa wy\u017cszego i&nbsp;nauki poprzez wzrost zainteresowania ofert\u0105 kszta\u0142cenia w&nbsp;polskich instytucjach nauki i&nbsp;szkolnictwa wy\u017cszego w\u015br\u00f3d zagranicznych student\u00f3w oraz poszerzenie oferty intensywnych mi\u0119dzynarodowych program\u00f3w kszta\u0142cenia, realizowanych tak\u017ce w&nbsp;formule hybrydowej lub zdalnej. <\/em><\/p>\n\n\n\n<p class=\"has-text-align-center\"><em>W pierwszej edycji programu zrealizowano zaj\u0119cia wirtualne dla student\u00f3w z Iwano-Frankiwski&nbsp;Narodowy Techniczny Uniwersytet Nafty i Gazu (IFNUTNiG), kt\u00f3re odby\u0142y si\u0119 w okresie grudzie\u0144 2021 do luty 2022.<\/em> Zaj\u0119cia z tematyki Modern Trenchless Technology przeprowadzili prof. Jan Ziaja oraz prof. Oleg Vytyaz.<\/p>\n\n\n\n<p class=\"has-text-align-center\"><em>W drugiej edycji programu zrealizowano zaj\u0119cia \u201eSzko\u0142a letnia\u201d w murach AGH dla 15 student\u00f3w z Iwano-Frankiwski\u00a0Narodowy Techniczny Uniwersytet Nafty i Gazu (IFNUTNiG) &#8211; 4 student\u00f3w, Politechnika Lwowska \u2013 2 student\u00f3w, National University \u201eYuri Kondratiuk\u201d Poltava Politechnic \u2013 6 student\u00f3w oraz 3 student\u00f3w z Baku Higher Oil School. Zaj\u0119cia odby\u0142y si\u0119 w maju 2023.<\/em> Zaj\u0119cia z tematyki <em>Modern trenchless technologies, construction and renovation of gaspipelines<\/em> przeprowadzili prof. Jan Ziaja oraz prof. Yurii Vynnykov.<\/p>\n\n\n\n<figure class=\"wp-block-image size-large is-style-rounded\"><img loading=\"lazy\" decoding=\"async\" width=\"1024\" height=\"768\" src=\"https:\/\/kwig.wnaft.agh.edu.pl\/wp-content\/uploads\/2023\/05\/IMG_4462-1-1024x768.jpeg\" alt=\"\" class=\"wp-image-543\" srcset=\"https:\/\/kwig.wnaft.agh.edu.pl\/wp-content\/uploads\/2023\/05\/IMG_4462-1-1024x768.jpeg 1024w, https:\/\/kwig.wnaft.agh.edu.pl\/wp-content\/uploads\/2023\/05\/IMG_4462-1-300x225.jpeg 300w, https:\/\/kwig.wnaft.agh.edu.pl\/wp-content\/uploads\/2023\/05\/IMG_4462-1-768x576.jpeg 768w, https:\/\/kwig.wnaft.agh.edu.pl\/wp-content\/uploads\/2023\/05\/IMG_4462-1-1536x1152.jpeg 1536w, https:\/\/kwig.wnaft.agh.edu.pl\/wp-content\/uploads\/2023\/05\/IMG_4462-1-2048x1536.jpeg 2048w, https:\/\/kwig.wnaft.agh.edu.pl\/wp-content\/uploads\/2023\/05\/IMG_4462-1-400x300.jpeg 400w\" sizes=\"auto, (max-width: 1024px) 100vw, 1024px\" \/><\/figure>\n\n\n\n<p>&#8212;&#8212;&#8212;&#8212;&#8212;&#8212;&#8212;&#8212;&#8212;&#8212;&#8212;&#8212;&#8212;&#8212;&#8212;&#8212;&#8212;&#8212;&#8212;&#8212;&#8212;&#8212;&#8212;&#8212;&#8212;&#8212;&#8212;&#8212;&#8212;&#8212;&#8212;&#8212;&#8212;&#8212;&#8212;&#8212;&#8212;&#8212;&#8212;&#8212;&#8211;<\/p>\n\n\n\n<p class=\"has-text-align-center has-medium-font-size\"><strong>Zapraszamy r\u00f3wnie\u017c na media spo\u0142eczno\u015bciowe Wydzia\u0142u, gdzie znajd\u0105 Pa\u0144stwa bie\u017c\u0105ce relacje z \u017cycia Katedry!<\/strong><\/p>\n\n\n\n<div class=\"wp-block-buttons aligncenter is-layout-flex wp-block-buttons-is-layout-flex\">\n<div class=\"wp-block-button\"><a class=\"wp-block-button__link has-white-color has-blue-background-color has-text-color has-background\" href=\"https:\/\/www.facebook.com\/WWNiG.AGH\/?locale=pl_PL\" target=\"_blank\" rel=\"noreferrer noopener\"><strong>Facebook<\/strong><\/a><\/div>\n\n\n\n<div class=\"wp-block-button\"><a class=\"wp-block-button__link has-cool-to-warm-spectrum-gradient-background has-background\" href=\"https:\/\/www.instagram.com\/wwnig.agh\/\" target=\"_blank\" rel=\"noreferrer noopener\"><strong>Instagram<\/strong><\/a><\/div>\n\n\n\n<div class=\"wp-block-button\"><a class=\"wp-block-button__link has-background\" href=\"https:\/\/www.linkedin.com\/company\/wydzia%C5%82-wiertnictwa-nafty-i-gazu-agh\/\" style=\"background-color:#4357bb\" target=\"_blank\" rel=\"noreferrer noopener\"><strong>LinkedIn<\/strong><\/a><\/div>\n\n\n\n<div class=\"wp-block-button\"><a class=\"wp-block-button__link has-black-background-color has-background\" href=\"https:\/\/www.tiktok.com\/@wwnig.agh\" target=\"_blank\" rel=\"noreferrer noopener\"><strong>TikTok<\/strong><\/a><\/div>\n<\/div>\n\n\n\n<p>&#8212;&#8212;&#8212;&#8212;&#8212;&#8212;&#8212;&#8212;&#8212;&#8212;&#8212;&#8212;&#8212;&#8212;&#8212;&#8212;&#8212;&#8212;&#8212;&#8212;&#8212;&#8212;&#8212;&#8212;&#8212;&#8212;&#8212;&#8212;&#8212;&#8212;&#8212;&#8212;&#8212;&#8212;&#8212;&#8212;&#8212;&#8212;&#8212;&#8212;&#8211;<\/p>\n\n\n\n<p><\/p>\n\n\n\n<p class=\"has-text-align-center has-medium-font-size\"><strong>Absolwent\u00f3w studi\u00f3w pierwszego i drugiego stopnia zapraszamy r\u00f3wnie\u017c na Studia Podyplomowe!<\/strong><\/p>\n\n\n\n<div class=\"wp-block-buttons aligncenter is-layout-flex wp-block-buttons-is-layout-flex\">\n<div class=\"wp-block-button is-style-outline is-style-outline--1\"><a class=\"wp-block-button__link\" href=\"https:\/\/www.podyplomowe.agh.edu.pl\/studia-podyplomowe-kursy-doksztalcajace-i-szkolenia\/nowoczesne-technologie-bezwykopowej-budowy-rurociagow\/\" target=\"_blank\" rel=\"noreferrer noopener\"><strong>Nowoczesne technologie bezwykopowej budowy ruroci\u0105g\u00f3w<\/strong><\/a><\/div>\n\n\n\n<div class=\"wp-block-button is-style-outline is-style-outline--2\"><a class=\"wp-block-button__link has-white-background-color has-background\" href=\"https:\/\/www.podyplomowe.agh.edu.pl\/studia-podyplomowe-kursy-doksztalcajace-i-szkolenia\/geotermia\/\" target=\"_blank\" rel=\"noreferrer noopener\"><strong>Geotermia<\/strong><\/a><\/div>\n<\/div>\n\n\n\n<p>&#8212;&#8212;&#8212;&#8212;&#8212;&#8212;&#8212;&#8212;&#8212;&#8212;&#8212;&#8212;&#8212;&#8212;&#8212;&#8212;&#8212;&#8212;&#8212;&#8212;&#8212;&#8212;&#8212;&#8212;&#8212;&#8212;&#8212;&#8212;&#8212;&#8212;&#8212;&#8212;&#8212;&#8212;&#8212;&#8212;&#8212;&#8212;&#8212;&#8212;&#8211;<\/p>\n\n\n\n<p class=\"has-text-align-center\"><em>Pierwsze edycja studi\u00f3w podyplomowych &#8222;Nowoczesne technologie bezwykopowej budowy ruroci\u0105g\u00f3w&#8221; ju\u017c za nami! Zapraszamy do uczestnictwa w kolejnych edycjach!<\/em><\/p>\n\n\n\n<figure class=\"wp-block-image size-large is-style-rounded\"><img loading=\"lazy\" decoding=\"async\" width=\"1024\" height=\"768\" src=\"https:\/\/kwig.wnaft.agh.edu.pl\/wp-content\/uploads\/2023\/05\/IMG_4354-1024x768.jpeg\" alt=\"\" class=\"wp-image-533\" srcset=\"https:\/\/kwig.wnaft.agh.edu.pl\/wp-content\/uploads\/2023\/05\/IMG_4354-1024x768.jpeg 1024w, https:\/\/kwig.wnaft.agh.edu.pl\/wp-content\/uploads\/2023\/05\/IMG_4354-300x225.jpeg 300w, https:\/\/kwig.wnaft.agh.edu.pl\/wp-content\/uploads\/2023\/05\/IMG_4354-768x576.jpeg 768w, https:\/\/kwig.wnaft.agh.edu.pl\/wp-content\/uploads\/2023\/05\/IMG_4354-1536x1152.jpeg 1536w, https:\/\/kwig.wnaft.agh.edu.pl\/wp-content\/uploads\/2023\/05\/IMG_4354-2048x1536.jpeg 2048w, https:\/\/kwig.wnaft.agh.edu.pl\/wp-content\/uploads\/2023\/05\/IMG_4354-400x300.jpeg 400w\" sizes=\"auto, (max-width: 1024px) 100vw, 1024px\" \/><\/figure>\n\n\n\n<p>&#8212;&#8212;&#8212;&#8212;&#8212;&#8212;&#8212;&#8212;&#8212;&#8212;&#8212;&#8212;&#8212;&#8212;&#8212;&#8212;&#8212;&#8212;&#8212;&#8212;&#8212;&#8212;&#8212;&#8212;&#8212;&#8212;&#8212;&#8212;&#8212;&#8212;&#8212;&#8212;&#8212;&#8212;&#8212;&#8212;&#8212;&#8212;&#8212;&#8212;&#8211;<\/p>\n\n\n\n<p class=\"has-text-align-center has-medium-font-size\"><strong>Studenci rozwijaj\u0105 swoje pasje w Ko\u0142ach Naukowych! <\/strong><\/p>\n\n\n\n<div class=\"wp-block-buttons aligncenter is-layout-flex wp-block-buttons-is-layout-flex\">\n<div class=\"wp-block-button\"><a class=\"wp-block-button__link has-luminous-vivid-orange-to-vivid-red-gradient-background has-background\" href=\"https:\/\/www.facebook.com\/Geowiert\/\" target=\"_blank\" rel=\"noreferrer noopener\">KN Geowiert<\/a><\/div>\n\n\n\n<div class=\"wp-block-button\"><a class=\"wp-block-button__link has-luminous-vivid-orange-to-vivid-red-gradient-background has-background\" href=\"https:\/\/www.facebook.com\/Cosmodrill\/?locale=pl_PL\" target=\"_blank\" rel=\"noreferrer noopener\">KN Cosmodrill<\/a><\/div>\n<\/div>\n\n\n\n<p>&#8212;&#8212;&#8212;&#8212;&#8212;&#8212;&#8212;&#8212;&#8212;&#8212;&#8212;&#8212;&#8212;&#8212;&#8212;&#8212;&#8212;&#8212;&#8212;&#8212;&#8212;&#8212;&#8212;&#8212;&#8212;&#8212;&#8212;&#8212;&#8212;&#8212;&#8212;&#8212;&#8212;&#8212;&#8212;&#8212;&#8212;&#8212;&#8212;&#8212;&#8211;<\/p>\n\n\n\n<p class=\"has-text-align-center has-medium-font-size\"><strong>Studencki rozwijaj\u0105 tak\u017ce swoj\u0105 wiedz\u0119 oraz integruj\u0105 si\u0119 podczas wyjazd\u00f3w terenowych, seminari\u00f3w, konferencji oraz praktyk!<\/strong><\/p>\n\n\n\n<div class=\"wp-block-image is-style-rounded\"><figure class=\"aligncenter size-large\"><img loading=\"lazy\" decoding=\"async\" width=\"1019\" height=\"678\" src=\"https:\/\/kwig.wnaft.agh.edu.pl\/wp-content\/uploads\/2023\/05\/DSC_8021.jpg\" alt=\"\" class=\"wp-image-369\" srcset=\"https:\/\/kwig.wnaft.agh.edu.pl\/wp-content\/uploads\/2023\/05\/DSC_8021.jpg 1019w, https:\/\/kwig.wnaft.agh.edu.pl\/wp-content\/uploads\/2023\/05\/DSC_8021-300x200.jpg 300w, https:\/\/kwig.wnaft.agh.edu.pl\/wp-content\/uploads\/2023\/05\/DSC_8021-768x511.jpg 768w, https:\/\/kwig.wnaft.agh.edu.pl\/wp-content\/uploads\/2023\/05\/DSC_8021-451x300.jpg 451w\" sizes=\"auto, (max-width: 1019px) 100vw, 1019px\" \/><\/figure><\/div>\n\n\n\n<div class=\"wp-block-group\"><div class=\"wp-block-group__inner-container is-layout-flow wp-block-group-is-layout-flow\">\n<div class=\"wp-block-columns is-layout-flex wp-container-core-columns-is-layout-9d6595d7 wp-block-columns-is-layout-flex\">\n<div class=\"wp-block-column is-layout-flow wp-block-column-is-layout-flow\" style=\"flex-basis:100%\">\n<div class=\"wp-block-group\"><div class=\"wp-block-group__inner-container is-layout-flow wp-block-group-is-layout-flow\">\n<figure class=\"wp-block-image size-large is-style-rounded\"><img loading=\"lazy\" decoding=\"async\" width=\"1019\" height=\"678\" src=\"https:\/\/kwig.wnaft.agh.edu.pl\/wp-content\/uploads\/2023\/05\/DSC_7861.jpg\" alt=\"\" class=\"wp-image-375\" srcset=\"https:\/\/kwig.wnaft.agh.edu.pl\/wp-content\/uploads\/2023\/05\/DSC_7861.jpg 1019w, https:\/\/kwig.wnaft.agh.edu.pl\/wp-content\/uploads\/2023\/05\/DSC_7861-300x200.jpg 300w, https:\/\/kwig.wnaft.agh.edu.pl\/wp-content\/uploads\/2023\/05\/DSC_7861-768x511.jpg 768w, https:\/\/kwig.wnaft.agh.edu.pl\/wp-content\/uploads\/2023\/05\/DSC_7861-451x300.jpg 451w\" sizes=\"auto, (max-width: 1019px) 100vw, 1019px\" \/><\/figure>\n<\/div><\/div>\n<\/div>\n<\/div>\n<\/div><\/div>\n\n\n\n<figure class=\"wp-block-image size-large is-style-rounded\"><img loading=\"lazy\" decoding=\"async\" width=\"1019\" height=\"678\" src=\"https:\/\/kwig.wnaft.agh.edu.pl\/wp-content\/uploads\/2023\/05\/DSC_7648.jpg\" alt=\"\" class=\"wp-image-373\" srcset=\"https:\/\/kwig.wnaft.agh.edu.pl\/wp-content\/uploads\/2023\/05\/DSC_7648.jpg 1019w, https:\/\/kwig.wnaft.agh.edu.pl\/wp-content\/uploads\/2023\/05\/DSC_7648-300x200.jpg 300w, https:\/\/kwig.wnaft.agh.edu.pl\/wp-content\/uploads\/2023\/05\/DSC_7648-768x511.jpg 768w, https:\/\/kwig.wnaft.agh.edu.pl\/wp-content\/uploads\/2023\/05\/DSC_7648-451x300.jpg 451w\" sizes=\"auto, (max-width: 1019px) 100vw, 1019px\" \/><\/figure>\n\n\n\n<div class=\"wp-block-image is-style-rounded\"><figure class=\"aligncenter size-large\"><img loading=\"lazy\" decoding=\"async\" width=\"1019\" height=\"678\" src=\"https:\/\/kwig.wnaft.agh.edu.pl\/wp-content\/uploads\/2023\/05\/DSC_7697.jpg\" alt=\"\" class=\"wp-image-374\" srcset=\"https:\/\/kwig.wnaft.agh.edu.pl\/wp-content\/uploads\/2023\/05\/DSC_7697.jpg 1019w, https:\/\/kwig.wnaft.agh.edu.pl\/wp-content\/uploads\/2023\/05\/DSC_7697-300x200.jpg 300w, https:\/\/kwig.wnaft.agh.edu.pl\/wp-content\/uploads\/2023\/05\/DSC_7697-768x511.jpg 768w, https:\/\/kwig.wnaft.agh.edu.pl\/wp-content\/uploads\/2023\/05\/DSC_7697-451x300.jpg 451w\" sizes=\"auto, (max-width: 1019px) 100vw, 1019px\" \/><\/figure><\/div>\n\n\n\n<figure class=\"wp-block-image size-large is-style-rounded\"><img loading=\"lazy\" decoding=\"async\" width=\"1019\" height=\"678\" src=\"https:\/\/kwig.wnaft.agh.edu.pl\/wp-content\/uploads\/2023\/05\/DSC_7921.jpg\" alt=\"\" class=\"wp-image-377\" srcset=\"https:\/\/kwig.wnaft.agh.edu.pl\/wp-content\/uploads\/2023\/05\/DSC_7921.jpg 1019w, https:\/\/kwig.wnaft.agh.edu.pl\/wp-content\/uploads\/2023\/05\/DSC_7921-300x200.jpg 300w, https:\/\/kwig.wnaft.agh.edu.pl\/wp-content\/uploads\/2023\/05\/DSC_7921-768x511.jpg 768w, https:\/\/kwig.wnaft.agh.edu.pl\/wp-content\/uploads\/2023\/05\/DSC_7921-451x300.jpg 451w\" sizes=\"auto, (max-width: 1019px) 100vw, 1019px\" \/><\/figure>\n\n\n\n<figure class=\"wp-block-image size-large is-style-rounded\"><img loading=\"lazy\" decoding=\"async\" width=\"1019\" height=\"678\" src=\"https:\/\/kwig.wnaft.agh.edu.pl\/wp-content\/uploads\/2023\/05\/DSC_5879.jpg\" alt=\"\" class=\"wp-image-378\" srcset=\"https:\/\/kwig.wnaft.agh.edu.pl\/wp-content\/uploads\/2023\/05\/DSC_5879.jpg 1019w, https:\/\/kwig.wnaft.agh.edu.pl\/wp-content\/uploads\/2023\/05\/DSC_5879-300x200.jpg 300w, https:\/\/kwig.wnaft.agh.edu.pl\/wp-content\/uploads\/2023\/05\/DSC_5879-768x511.jpg 768w, https:\/\/kwig.wnaft.agh.edu.pl\/wp-content\/uploads\/2023\/05\/DSC_5879-451x300.jpg 451w\" sizes=\"auto, (max-width: 1019px) 100vw, 1019px\" \/><\/figure>\n\n\n\n<figure class=\"wp-block-image size-large is-style-rounded\"><img loading=\"lazy\" decoding=\"async\" width=\"1019\" height=\"678\" src=\"https:\/\/kwig.wnaft.agh.edu.pl\/wp-content\/uploads\/2023\/05\/DSC_5843.jpg\" alt=\"\" class=\"wp-image-379\" srcset=\"https:\/\/kwig.wnaft.agh.edu.pl\/wp-content\/uploads\/2023\/05\/DSC_5843.jpg 1019w, https:\/\/kwig.wnaft.agh.edu.pl\/wp-content\/uploads\/2023\/05\/DSC_5843-300x200.jpg 300w, https:\/\/kwig.wnaft.agh.edu.pl\/wp-content\/uploads\/2023\/05\/DSC_5843-768x511.jpg 768w, https:\/\/kwig.wnaft.agh.edu.pl\/wp-content\/uploads\/2023\/05\/DSC_5843-451x300.jpg 451w\" sizes=\"auto, (max-width: 1019px) 100vw, 1019px\" \/><\/figure>\n\n\n\n<figure class=\"wp-block-image size-large is-style-rounded\"><img loading=\"lazy\" decoding=\"async\" width=\"1019\" height=\"678\" src=\"https:\/\/kwig.wnaft.agh.edu.pl\/wp-content\/uploads\/2023\/05\/DSC_5862.jpg\" alt=\"\" class=\"wp-image-380\" srcset=\"https:\/\/kwig.wnaft.agh.edu.pl\/wp-content\/uploads\/2023\/05\/DSC_5862.jpg 1019w, https:\/\/kwig.wnaft.agh.edu.pl\/wp-content\/uploads\/2023\/05\/DSC_5862-300x200.jpg 300w, https:\/\/kwig.wnaft.agh.edu.pl\/wp-content\/uploads\/2023\/05\/DSC_5862-768x511.jpg 768w, https:\/\/kwig.wnaft.agh.edu.pl\/wp-content\/uploads\/2023\/05\/DSC_5862-451x300.jpg 451w\" sizes=\"auto, (max-width: 1019px) 100vw, 1019px\" \/><\/figure>\n\n\n\n<figure class=\"wp-block-image size-large is-style-rounded\"><img loading=\"lazy\" decoding=\"async\" width=\"1019\" height=\"678\" src=\"https:\/\/kwig.wnaft.agh.edu.pl\/wp-content\/uploads\/2023\/05\/DSC_5956.jpg\" alt=\"\" class=\"wp-image-381\" srcset=\"https:\/\/kwig.wnaft.agh.edu.pl\/wp-content\/uploads\/2023\/05\/DSC_5956.jpg 1019w, https:\/\/kwig.wnaft.agh.edu.pl\/wp-content\/uploads\/2023\/05\/DSC_5956-300x200.jpg 300w, https:\/\/kwig.wnaft.agh.edu.pl\/wp-content\/uploads\/2023\/05\/DSC_5956-768x511.jpg 768w, https:\/\/kwig.wnaft.agh.edu.pl\/wp-content\/uploads\/2023\/05\/DSC_5956-451x300.jpg 451w\" sizes=\"auto, (max-width: 1019px) 100vw, 1019px\" \/><\/figure>\n\n\n\n<figure class=\"wp-block-image size-large is-style-rounded\"><img loading=\"lazy\" decoding=\"async\" width=\"1019\" height=\"678\" src=\"https:\/\/kwig.wnaft.agh.edu.pl\/wp-content\/uploads\/2023\/05\/DSC_6565.jpg\" alt=\"\" class=\"wp-image-382\" srcset=\"https:\/\/kwig.wnaft.agh.edu.pl\/wp-content\/uploads\/2023\/05\/DSC_6565.jpg 1019w, https:\/\/kwig.wnaft.agh.edu.pl\/wp-content\/uploads\/2023\/05\/DSC_6565-300x200.jpg 300w, https:\/\/kwig.wnaft.agh.edu.pl\/wp-content\/uploads\/2023\/05\/DSC_6565-768x511.jpg 768w, https:\/\/kwig.wnaft.agh.edu.pl\/wp-content\/uploads\/2023\/05\/DSC_6565-451x300.jpg 451w\" sizes=\"auto, (max-width: 1019px) 100vw, 1019px\" \/><\/figure>\n\n\n\n<figure class=\"wp-block-image size-large is-style-rounded\"><img loading=\"lazy\" decoding=\"async\" width=\"1019\" height=\"678\" src=\"https:\/\/kwig.wnaft.agh.edu.pl\/wp-content\/uploads\/2023\/05\/DSC_7299.jpg\" alt=\"\" class=\"wp-image-384\" srcset=\"https:\/\/kwig.wnaft.agh.edu.pl\/wp-content\/uploads\/2023\/05\/DSC_7299.jpg 1019w, https:\/\/kwig.wnaft.agh.edu.pl\/wp-content\/uploads\/2023\/05\/DSC_7299-300x200.jpg 300w, https:\/\/kwig.wnaft.agh.edu.pl\/wp-content\/uploads\/2023\/05\/DSC_7299-768x511.jpg 768w, https:\/\/kwig.wnaft.agh.edu.pl\/wp-content\/uploads\/2023\/05\/DSC_7299-451x300.jpg 451w\" sizes=\"auto, (max-width: 1019px) 100vw, 1019px\" \/><\/figure>\n\n\n\n<figure class=\"wp-block-image size-large is-style-rounded\"><img loading=\"lazy\" decoding=\"async\" width=\"1019\" height=\"678\" src=\"https:\/\/kwig.wnaft.agh.edu.pl\/wp-content\/uploads\/2023\/05\/DSC_7242.jpg\" alt=\"\" class=\"wp-image-385\" srcset=\"https:\/\/kwig.wnaft.agh.edu.pl\/wp-content\/uploads\/2023\/05\/DSC_7242.jpg 1019w, https:\/\/kwig.wnaft.agh.edu.pl\/wp-content\/uploads\/2023\/05\/DSC_7242-300x200.jpg 300w, https:\/\/kwig.wnaft.agh.edu.pl\/wp-content\/uploads\/2023\/05\/DSC_7242-768x511.jpg 768w, https:\/\/kwig.wnaft.agh.edu.pl\/wp-content\/uploads\/2023\/05\/DSC_7242-451x300.jpg 451w\" sizes=\"auto, (max-width: 1019px) 100vw, 1019px\" \/><\/figure>\n\n\n\n<figure class=\"wp-block-image size-large is-style-rounded\"><img loading=\"lazy\" decoding=\"async\" width=\"1019\" height=\"676\" src=\"https:\/\/kwig.wnaft.agh.edu.pl\/wp-content\/uploads\/2023\/05\/DSC_6870.jpg\" alt=\"\" class=\"wp-image-386\" srcset=\"https:\/\/kwig.wnaft.agh.edu.pl\/wp-content\/uploads\/2023\/05\/DSC_6870.jpg 1019w, https:\/\/kwig.wnaft.agh.edu.pl\/wp-content\/uploads\/2023\/05\/DSC_6870-300x199.jpg 300w, https:\/\/kwig.wnaft.agh.edu.pl\/wp-content\/uploads\/2023\/05\/DSC_6870-768x509.jpg 768w, https:\/\/kwig.wnaft.agh.edu.pl\/wp-content\/uploads\/2023\/05\/DSC_6870-452x300.jpg 452w\" sizes=\"auto, (max-width: 1019px) 100vw, 1019px\" \/><\/figure>\n\n\n\n<figure class=\"wp-block-image size-large is-style-rounded\"><img loading=\"lazy\" decoding=\"async\" width=\"1019\" height=\"678\" src=\"https:\/\/kwig.wnaft.agh.edu.pl\/wp-content\/uploads\/2023\/05\/DSC_6951.jpg\" alt=\"\" class=\"wp-image-388\" srcset=\"https:\/\/kwig.wnaft.agh.edu.pl\/wp-content\/uploads\/2023\/05\/DSC_6951.jpg 1019w, https:\/\/kwig.wnaft.agh.edu.pl\/wp-content\/uploads\/2023\/05\/DSC_6951-300x200.jpg 300w, https:\/\/kwig.wnaft.agh.edu.pl\/wp-content\/uploads\/2023\/05\/DSC_6951-768x511.jpg 768w, https:\/\/kwig.wnaft.agh.edu.pl\/wp-content\/uploads\/2023\/05\/DSC_6951-451x300.jpg 451w\" sizes=\"auto, (max-width: 1019px) 100vw, 1019px\" \/><\/figure>\n\n\n\n<figure class=\"wp-block-image size-large is-style-rounded\"><img loading=\"lazy\" decoding=\"async\" width=\"957\" height=\"640\" src=\"https:\/\/kwig.wnaft.agh.edu.pl\/wp-content\/uploads\/2023\/05\/DSC_1567.jpg\" alt=\"\" class=\"wp-image-389\" srcset=\"https:\/\/kwig.wnaft.agh.edu.pl\/wp-content\/uploads\/2023\/05\/DSC_1567.jpg 957w, https:\/\/kwig.wnaft.agh.edu.pl\/wp-content\/uploads\/2023\/05\/DSC_1567-300x201.jpg 300w, https:\/\/kwig.wnaft.agh.edu.pl\/wp-content\/uploads\/2023\/05\/DSC_1567-768x514.jpg 768w, https:\/\/kwig.wnaft.agh.edu.pl\/wp-content\/uploads\/2023\/05\/DSC_1567-449x300.jpg 449w\" sizes=\"auto, (max-width: 957px) 100vw, 957px\" \/><\/figure>\n\n\n\n<figure class=\"wp-block-image size-large is-style-rounded\"><img loading=\"lazy\" decoding=\"async\" width=\"957\" height=\"640\" src=\"https:\/\/kwig.wnaft.agh.edu.pl\/wp-content\/uploads\/2023\/05\/DSC_1620.jpg\" alt=\"\" class=\"wp-image-390\" srcset=\"https:\/\/kwig.wnaft.agh.edu.pl\/wp-content\/uploads\/2023\/05\/DSC_1620.jpg 957w, https:\/\/kwig.wnaft.agh.edu.pl\/wp-content\/uploads\/2023\/05\/DSC_1620-300x201.jpg 300w, https:\/\/kwig.wnaft.agh.edu.pl\/wp-content\/uploads\/2023\/05\/DSC_1620-768x514.jpg 768w, https:\/\/kwig.wnaft.agh.edu.pl\/wp-content\/uploads\/2023\/05\/DSC_1620-449x300.jpg 449w\" sizes=\"auto, (max-width: 957px) 100vw, 957px\" \/><\/figure>\n\n\n\n<figure class=\"wp-block-image size-large is-style-rounded\"><img loading=\"lazy\" decoding=\"async\" width=\"957\" height=\"640\" src=\"https:\/\/kwig.wnaft.agh.edu.pl\/wp-content\/uploads\/2023\/05\/DSC_1529.jpg\" alt=\"\" class=\"wp-image-391\" srcset=\"https:\/\/kwig.wnaft.agh.edu.pl\/wp-content\/uploads\/2023\/05\/DSC_1529.jpg 957w, https:\/\/kwig.wnaft.agh.edu.pl\/wp-content\/uploads\/2023\/05\/DSC_1529-300x201.jpg 300w, https:\/\/kwig.wnaft.agh.edu.pl\/wp-content\/uploads\/2023\/05\/DSC_1529-768x514.jpg 768w, https:\/\/kwig.wnaft.agh.edu.pl\/wp-content\/uploads\/2023\/05\/DSC_1529-449x300.jpg 449w\" sizes=\"auto, (max-width: 957px) 100vw, 957px\" \/><\/figure>\n\n\n\n<figure class=\"wp-block-image size-large is-style-rounded\"><img loading=\"lazy\" decoding=\"async\" width=\"957\" height=\"640\" src=\"https:\/\/kwig.wnaft.agh.edu.pl\/wp-content\/uploads\/2023\/05\/DSC_1773.jpg\" alt=\"\" class=\"wp-image-392\" srcset=\"https:\/\/kwig.wnaft.agh.edu.pl\/wp-content\/uploads\/2023\/05\/DSC_1773.jpg 957w, https:\/\/kwig.wnaft.agh.edu.pl\/wp-content\/uploads\/2023\/05\/DSC_1773-300x201.jpg 300w, https:\/\/kwig.wnaft.agh.edu.pl\/wp-content\/uploads\/2023\/05\/DSC_1773-768x514.jpg 768w, https:\/\/kwig.wnaft.agh.edu.pl\/wp-content\/uploads\/2023\/05\/DSC_1773-449x300.jpg 449w\" sizes=\"auto, (max-width: 957px) 100vw, 957px\" \/><\/figure>\n\n\n\n<figure class=\"wp-block-image size-large is-style-rounded\"><img loading=\"lazy\" decoding=\"async\" width=\"957\" height=\"640\" src=\"https:\/\/kwig.wnaft.agh.edu.pl\/wp-content\/uploads\/2023\/05\/DSC_1883.jpg\" alt=\"\" class=\"wp-image-393\" srcset=\"https:\/\/kwig.wnaft.agh.edu.pl\/wp-content\/uploads\/2023\/05\/DSC_1883.jpg 957w, https:\/\/kwig.wnaft.agh.edu.pl\/wp-content\/uploads\/2023\/05\/DSC_1883-300x201.jpg 300w, https:\/\/kwig.wnaft.agh.edu.pl\/wp-content\/uploads\/2023\/05\/DSC_1883-768x514.jpg 768w, https:\/\/kwig.wnaft.agh.edu.pl\/wp-content\/uploads\/2023\/05\/DSC_1883-449x300.jpg 449w\" sizes=\"auto, (max-width: 957px) 100vw, 957px\" \/><\/figure>\n\n\n","protected":false},"excerpt":{"rendered":"<p>Absolwent\u00f3w pierwszego stopnia zapraszamy na specjalno\u015bci na studiach drugiego stopnia! Geoin\u017cynieria i Geotermia na kierunku Geoin\u017cynieria i G\u00f3rnictwo Otworowe Kosmiczne G\u00f3nictwo Otworowe na kierunku Geoin\u017cynieria i G\u00f3rnictwo Otworowe Wiertnictwo i Geoin\u017cynieria na kierunku Geoin\u017cynieria i G\u00f3rnictwo Otworowe Wiertnictwo Naftowe na &hellip; <a href=\"https:\/\/kwig.wnaft.agh.edu.pl\/index.php\/oferta-dydaktyczna\/\">Czytaj dalej <span class=\"meta-nav\">&rarr;<\/span><\/a><\/p>\n","protected":false},"author":1,"featured_media":0,"parent":0,"menu_order":0,"comment_status":"closed","ping_status":"closed","template":"","meta":{"footnotes":""},"class_list":["post-261","page","type-page","status-publish","hentry"],"_links":{"self":[{"href":"https:\/\/kwig.wnaft.agh.edu.pl\/index.php\/wp-json\/wp\/v2\/pages\/261","targetHints":{"allow":["GET"]}}],"collection":[{"href":"https:\/\/kwig.wnaft.agh.edu.pl\/index.php\/wp-json\/wp\/v2\/pages"}],"about":[{"href":"https:\/\/kwig.wnaft.agh.edu.pl\/index.php\/wp-json\/wp\/v2\/types\/page"}],"author":[{"embeddable":true,"href":"https:\/\/kwig.wnaft.agh.edu.pl\/index.php\/wp-json\/wp\/v2\/users\/1"}],"replies":[{"embeddable":true,"href":"https:\/\/kwig.wnaft.agh.edu.pl\/index.php\/wp-json\/wp\/v2\/comments?post=261"}],"version-history":[{"count":42,"href":"https:\/\/kwig.wnaft.agh.edu.pl\/index.php\/wp-json\/wp\/v2\/pages\/261\/revisions"}],"predecessor-version":[{"id":558,"href":"https:\/\/kwig.wnaft.agh.edu.pl\/index.php\/wp-json\/wp\/v2\/pages\/261\/revisions\/558"}],"wp:attachment":[{"href":"https:\/\/kwig.wnaft.agh.edu.pl\/index.php\/wp-json\/wp\/v2\/media?parent=261"}],"curies":[{"name":"wp","href":"https:\/\/api.w.org\/{rel}","templated":true}]}}